{"id":51,"date":"2025-05-12T16:38:28","date_gmt":"2025-05-12T16:38:28","guid":{"rendered":"https:\/\/www.jcsalazargonzalez.com\/?page_id=51"},"modified":"2025-08-03T15:43:05","modified_gmt":"2025-08-03T15:43:05","slug":"sobre-mi","status":"publish","type":"page","link":"https:\/\/www.jcsalazargonzalez.com\/?page_id=51","title":{"rendered":""},"content":{"rendered":"\n<div class=\"wp-block-media-text alignfull has-media-on-the-right is-stacked-on-mobile\" style=\"grid-template-columns:auto 38%\"><div class=\"wp-block-media-text__content\">\n<h2 class=\"wp-block-heading\">Sobre m\u00ed<\/h2>\n\n\n\n<p class=\"has-text-align-left has-small-font-size\" style=\"margin-top:0;margin-right:0;margin-bottom:0;margin-left:0\">Esto de describirse a uno mismo es una movida. Digamos que soy una persona que no ha decidido dedicarse a esto tan bonito como es actuar hasta los 36 a\u00f1os.<br><br>Estudi\u00e9 dise\u00f1o gr\u00e1fico y, despu\u00e9s de dedicarme a ello durante unos 3 a\u00f1itos, me di cuenta de que no era lo m\u00edo. Emprend\u00ed, mont\u00e9 una tienda y tampoco fue lo m\u00edo. Pas\u00e9 por seguridad privada, trabajo de cara al p\u00fablico, carga y descarga\u2026 vamos, me busqu\u00e9 la vida, como todos.<br><br>Despu\u00e9s de eso, una persona se cruz\u00f3 en mi camino y me ense\u00f1\u00f3 lo bonito que era ser diferente y querer convertirte en varias personas, descubrir, experimentar, y transitar\u2026 Y, entonces, cuando m\u00e1s me estaba gustando esto de actuar, decid\u00ed tomarlo en serio y apuntarme a un intensivo con un actor ganador de dos Goyas. Me temblaron las piernas, pero cuando hice el mon\u00f3logo que \u00e9l nos propuso sent\u00ed que s\u00ed, que este era mi camino, y Roberto \u00c1lamo me lo confirm\u00f3: apuesta por ti, f\u00f3rmate y atr\u00e9vete. Y eso hice. Seis meses despu\u00e9s estaba trabajando en La noche del Gran Show de telecinco como actor, me llamaron para un programa y al final fueron cinco. Y, a partir de ah\u00ed, m\u00e1s formaci\u00f3n en el cine y m\u00e1s trabajo, y en ello estoy y s\u00e9 por como soy que no me voy a rendir.\u00a0<\/p>\n\n\n\n<p><\/p>\n\n\n\n<p class=\"has-small-font-size\" style=\"margin-top:0;margin-right:0;margin-bottom:0;margin-left:0\"><\/p>\n<\/div><figure class=\"wp-block-media-text__media\"><img loading=\"lazy\" decoding=\"async\" width=\"809\" height=\"1024\" src=\"https:\/\/www.jcsalazargonzalez.com\/wp-content\/uploads\/2025\/05\/jc_book-2-809x1024.jpg\" alt=\"\" class=\"wp-image-16 size-full\" srcset=\"https:\/\/www.jcsalazargonzalez.com\/wp-content\/uploads\/2025\/05\/jc_book-2-809x1024.jpg 809w, https:\/\/www.jcsalazargonzalez.com\/wp-content\/uploads\/2025\/05\/jc_book-2-237x300.jpg 237w, https:\/\/www.jcsalazargonzalez.com\/wp-content\/uploads\/2025\/05\/jc_book-2-768x972.jpg 768w, https:\/\/www.jcsalazargonzalez.com\/wp-content\/uploads\/2025\/05\/jc_book-2-1213x1536.jpg 1213w, https:\/\/www.jcsalazargonzalez.com\/wp-content\/uploads\/2025\/05\/jc_book-2-1618x2048.jpg 1618w, https:\/\/www.jcsalazargonzalez.com\/wp-content\/uploads\/2025\/05\/jc_book-2-scaled.jpg 2022w\" sizes=\"auto, (max-width: 809px) 100vw, 809px\" \/><\/figure><\/div>\n","protected":false},"excerpt":{"rendered":"<p>Sobre m\u00ed Esto de describirse a uno mismo es una movida. Digamos que soy una [&hellip;]<\/p>\n","protected":false},"author":2,"featured_media":0,"parent":0,"menu_order":0,"comment_status":"closed","ping_status":"closed","template":"","meta":{"footnotes":""},"class_list":["post-51","page","type-page","status-publish","hentry"],"_links":{"self":[{"href":"https:\/\/www.jcsalazargonzalez.com\/index.php?rest_route=\/wp\/v2\/pages\/51","targetHints":{"allow":["GET"]}}],"collection":[{"href":"https:\/\/www.jcsalazargonzalez.com\/index.php?rest_route=\/wp\/v2\/pages"}],"about":[{"href":"https:\/\/www.jcsalazargonzalez.com\/index.php?rest_route=\/wp\/v2\/types\/page"}],"author":[{"embeddable":true,"href":"https:\/\/www.jcsalazargonzalez.com\/index.php?rest_route=\/wp\/v2\/users\/2"}],"replies":[{"embeddable":true,"href":"https:\/\/www.jcsalazargonzalez.com\/index.php?rest_route=%2Fwp%2Fv2%2Fcomments&post=51"}],"version-history":[{"count":4,"href":"https:\/\/www.jcsalazargonzalez.com\/index.php?rest_route=\/wp\/v2\/pages\/51\/revisions"}],"predecessor-version":[{"id":116,"href":"https:\/\/www.jcsalazargonzalez.com\/index.php?rest_route=\/wp\/v2\/pages\/51\/revisions\/116"}],"wp:attachment":[{"href":"https:\/\/www.jcsalazargonzalez.com\/index.php?rest_route=%2Fwp%2Fv2%2Fmedia&parent=51"}],"curies":[{"name":"wp","href":"https:\/\/api.w.org\/{rel}","templated":true}]}}