{"id":52,"date":"2025-05-12T16:38:28","date_gmt":"2025-05-12T16:38:28","guid":{"rendered":"https:\/\/www.jcsalazargonzalez.com\/?page_id=52"},"modified":"2025-08-03T15:49:54","modified_gmt":"2025-08-03T15:49:54","slug":"cv-actor","status":"publish","type":"page","link":"https:\/\/www.jcsalazargonzalez.com\/?page_id=52","title":{"rendered":"CV Actor"},"content":{"rendered":"\n<div class=\"wp-block-media-text is-stacked-on-mobile\" style=\"grid-template-columns:40% auto\"><figure class=\"wp-block-media-text__media\"><img loading=\"lazy\" decoding=\"async\" width=\"684\" height=\"1024\" src=\"https:\/\/www.jcsalazargonzalez.com\/wp-content\/uploads\/2025\/05\/jc_book-13-684x1024.jpg\" alt=\"\" class=\"wp-image-31 size-full\" srcset=\"https:\/\/www.jcsalazargonzalez.com\/wp-content\/uploads\/2025\/05\/jc_book-13-684x1024.jpg 684w, https:\/\/www.jcsalazargonzalez.com\/wp-content\/uploads\/2025\/05\/jc_book-13-200x300.jpg 200w, https:\/\/www.jcsalazargonzalez.com\/wp-content\/uploads\/2025\/05\/jc_book-13-768x1150.jpg 768w, https:\/\/www.jcsalazargonzalez.com\/wp-content\/uploads\/2025\/05\/jc_book-13-1025x1536.jpg 1025w, https:\/\/www.jcsalazargonzalez.com\/wp-content\/uploads\/2025\/05\/jc_book-13-1367x2048.jpg 1367w, https:\/\/www.jcsalazargonzalez.com\/wp-content\/uploads\/2025\/05\/jc_book-13-scaled.jpg 1709w\" sizes=\"auto, (max-width: 684px) 100vw, 684px\" \/><\/figure><div class=\"wp-block-media-text__content\">\n<h2 class=\"wp-block-heading\">Cine<\/h2>\n\n\n\n<p>2025 UN HIJO. Nacho La Casa.<br>2025 9 LUNAS. Patricia Ortega.<\/p>\n\n\n\n<h2 class=\"wp-block-heading\">Televisi\u00f3n<\/h2>\n\n\n\n<p>2025 LA NOCHE DEL GRAN SHOW<br>(5 episodios)<br>2025 ELLA MALDITA ALMA<br>(1 episodio)<\/p>\n\n\n\n<h2 class=\"wp-block-heading\">Teatro<\/h2>\n\n\n\n<p>2025 UN TRANV\u00cdA LLAMADO DESEO. Susana Casado.<br>(como Stanley)<\/p>\n\n\n\n<h2 class=\"wp-block-heading\">Formaci\u00f3n<\/h2>\n\n\n\n<p>2024 Matiz Teatro (interpretaci\u00f3n). 2 a\u00f1os.<br>2025 Estudio La Colmena (interpretaci\u00f3n ante la c\u00e1mara). 1 a\u00f1o.<\/p>\n\n\n\n<p>2024 Taller intensivo te\u00f3rico-pr\u00e1ctico \u00abActuar desde la relajaci\u00f3n\u00bb. <br>Roberto \u00c1lamo.<br>2024 Masterclass de interpretaci\u00f3n ante la c\u00e1mara. <br>Roc\u00edo Mesa.<br>2024 Masterclass de interpretaci\u00f3n ante la c\u00e1mara.<br>Candela Cruz.<br>2025 Masterclass de interpretaci\u00f3n ante la c\u00e1mara.<br>Tonucha Vidal.<br>2025 Masterclass de interpretaci\u00f3n ante la c\u00e1mara.<br>Marichu Sanz.<br>2025 Masterclass de interpretaci\u00f3n ante la c\u00e1mara.<br>Daniel Zarandieta.<\/p>\n<\/div><\/div>\n\n\n\n<p><\/p>\n","protected":false},"excerpt":{"rendered":"<p>Cine 2025 UN HIJO. Nacho La Casa.2025 9 LUNAS. Patricia Ortega. Televisi\u00f3n 2025 LA NOCHE [&hellip;]<\/p>\n","protected":false},"author":2,"featured_media":0,"parent":0,"menu_order":0,"comment_status":"closed","ping_status":"closed","template":"","meta":{"footnotes":""},"class_list":["post-52","page","type-page","status-publish","hentry"],"_links":{"self":[{"href":"https:\/\/www.jcsalazargonzalez.com\/index.php?rest_route=\/wp\/v2\/pages\/52","targetHints":{"allow":["GET"]}}],"collection":[{"href":"https:\/\/www.jcsalazargonzalez.com\/index.php?rest_route=\/wp\/v2\/pages"}],"about":[{"href":"https:\/\/www.jcsalazargonzalez.com\/index.php?rest_route=\/wp\/v2\/types\/page"}],"author":[{"embeddable":true,"href":"https:\/\/www.jcsalazargonzalez.com\/index.php?rest_route=\/wp\/v2\/users\/2"}],"replies":[{"embeddable":true,"href":"https:\/\/www.jcsalazargonzalez.com\/index.php?rest_route=%2Fwp%2Fv2%2Fcomments&post=52"}],"version-history":[{"count":5,"href":"https:\/\/www.jcsalazargonzalez.com\/index.php?rest_route=\/wp\/v2\/pages\/52\/revisions"}],"predecessor-version":[{"id":118,"href":"https:\/\/www.jcsalazargonzalez.com\/index.php?rest_route=\/wp\/v2\/pages\/52\/revisions\/118"}],"wp:attachment":[{"href":"https:\/\/www.jcsalazargonzalez.com\/index.php?rest_route=%2Fwp%2Fv2%2Fmedia&parent=52"}],"curies":[{"name":"wp","href":"https:\/\/api.w.org\/{rel}","templated":true}]}}